{"id":1302,"date":"2021-06-09T11:16:48","date_gmt":"2021-06-09T11:16:48","guid":{"rendered":"https:\/\/kamperen.qodeinteractive.com\/?page_id=1302"},"modified":"2026-02-23T10:39:06","modified_gmt":"2026-02-23T10:39:06","slug":"kontakt","status":"publish","type":"page","link":"https:\/\/tripahead.cz\/en\/kontakt\/","title":{"rendered":"Kontakt"},"content":{"rendered":"<div data-elementor-type=\"wp-page\" data-elementor-id=\"1302\" class=\"elementor elementor-1302\">\n\t\t\t\t\t\t<section class=\"elementor-section elementor-top-section elementor-element elementor-element-7ef8bf8 elementor-section-full_width qodef-elementor-content-grid elementor-section-height-default elementor-section-height-default\" data-id=\"7ef8bf8\" data-element_type=\"section\" data-e-type=\"section\">\n\t\t\t\t\t\t<div class=\"elementor-container elementor-column-gap-default\">\n\t\t\t\t\t<div class=\"elementor-column elementor-col-50 elementor-top-column elementor-element elementor-element-e4c0baa\" data-id=\"e4c0baa\" data-element_type=\"column\" data-e-type=\"column\">\n\t\t\t<div class=\"elementor-widget-wrap elementor-element-populated\">\n\t\t\t\t\t\t<div class=\"elementor-element elementor-element-1019622 elementor-widget elementor-widget-kamperen_core_section_title\" data-id=\"1019622\" data-element_type=\"widget\" data-e-type=\"widget\" data-widget_type=\"kamperen_core_section_title.default\">\n\t\t\t\t<div class=\"elementor-widget-container\">\n\t\t\t\t\t<div class=\"qodef-shortcode qodef-m  qodef-section-title qodef-alignment--left\">\n\t\t\t\t<p class=\"qodef-m-text\" style=\"color: #000000\">\n<\/p>\n<\/div>\n\t\t\t\t<\/div>\n\t\t\t\t<\/div>\n\t\t\t\t<div class=\"elementor-element elementor-element-6d13757 elementor-widget elementor-widget-text-editor\" data-id=\"6d13757\" data-element_type=\"widget\" data-e-type=\"widget\" data-widget_type=\"text-editor.default\">\n\t\t\t\t<div class=\"elementor-widget-container\">\n\t\t\t\t\t\t\t\t\t<p><strong><span style=\"color: #000000; font-size: 18px;\">Telefon: +420 731 927 900<\/span><\/strong><br \/><strong><span style=\"color: #000000; font-size: 18px;\">Email: info@tripahead.cz<\/span><\/strong><br \/><a style=\"font-family: Prompt; font-size: 18px; color: #000;\" href=\"https:\/\/www.facebook.com\/Trip-ahead-p%C5%AFj%C4%8Dovna-obytn%C3%BDch-aut-a-karavan%C5%AF-107844905267504\" target=\"_blank\" rel=\"noopener\">Facebook: Trip ahead\u00a0<\/a><\/p>\t\t\t\t\t\t\t\t<\/div>\n\t\t\t\t<\/div>\n\t\t\t\t<div class=\"elementor-element elementor-element-a4054b8 elementor-widget-divider--view-line elementor-widget elementor-widget-divider\" data-id=\"a4054b8\" data-element_type=\"widget\" data-e-type=\"widget\" data-widget_type=\"divider.default\">\n\t\t\t\t<div class=\"elementor-widget-container\">\n\t\t\t\t\t\t\t<div class=\"elementor-divider\">\n\t\t\t<span class=\"elementor-divider-separator\">\n\t\t\t\t\t\t<\/span>\n\t\t<\/div>\n\t\t\t\t\t\t<\/div>\n\t\t\t\t<\/div>\n\t\t\t\t<div class=\"elementor-element elementor-element-928d828 elementor-widget elementor-widget-text-editor\" data-id=\"928d828\" data-element_type=\"widget\" data-e-type=\"widget\" data-widget_type=\"text-editor.default\">\n\t\t\t\t<div class=\"elementor-widget-container\">\n\t\t\t\t\t\t\t\t\t<h4>Provozovna<\/h4><ul><li><b>ul. N\u00e1dra\u017en\u00ed \u010d. p. 944 , 763 62 Tluma\u010dov (okr. Zl\u00edn)<\/b><\/li><li><b>GPS: <a href=\"https:\/\/www.google.com\/maps\/place\/49%C2%B015'13.7%22N+17%C2%B029'53.7%22E\/@49.2537379,17.4981504,19.5z\/data=!4m5!3m4!1s0x0:0x3c1211850db1edda!8m2!3d49.2538083!4d17.4982467\" target=\"_blank\" rel=\"noopener\" data-wplink-edit=\"true\">49\u00b015&#8217;13.710&#8243;N, 17\u00b029&#8217;53.688&#8243;E<\/a>\u00a0<br \/>(proklikem zobraz\u00edte polohu na map\u011b)<\/b><\/li><li><b>v provozovn\u011b nejsme p\u0159\u00edtomni cel\u00fd den, <br \/>Va\u0161i n\u00e1v\u0161t\u011bvu s n\u00e1mi pros\u00edm dohodn\u011bte p\u0159edem<\/b><\/li><\/ul>\t\t\t\t\t\t\t\t<\/div>\n\t\t\t\t<\/div>\n\t\t\t\t<div class=\"elementor-element elementor-element-8d6dd25 elementor-widget elementor-widget-text-editor\" data-id=\"8d6dd25\" data-element_type=\"widget\" data-e-type=\"widget\" data-widget_type=\"text-editor.default\">\n\t\t\t\t<div class=\"elementor-widget-container\">\n\t\t\t\t\t\t\t\t\t<h4>S\u00eddlo spole\u010dnosti<\/h4><p><b>JS economy solution, s.r.o.<\/b><\/p><p><b>763 62 Tluma\u010dov (okr. Zl\u00edn)<\/b><\/p><p><b>I\u010c \/ DI\u010c: 030 41 301 \/ CZ03041301<\/b><\/p>\t\t\t\t\t\t\t\t<\/div>\n\t\t\t\t<\/div>\n\t\t\t\t\t<\/div>\n\t\t<\/div>\n\t\t\t\t<div class=\"elementor-column elementor-col-50 elementor-top-column elementor-element elementor-element-39b8df4\" data-id=\"39b8df4\" data-element_type=\"column\" data-e-type=\"column\">\n\t\t\t<div class=\"elementor-widget-wrap elementor-element-populated\">\n\t\t\t\t\t\t<div class=\"elementor-element elementor-element-cba72a9 elementor-widget elementor-widget-text-editor\" data-id=\"cba72a9\" data-element_type=\"widget\" data-e-type=\"widget\" data-widget_type=\"text-editor.default\">\n\t\t\t\t<div class=\"elementor-widget-container\">\n\t\t\t\t\t\t\t\t\t<h4>Kontaktn\u00ed formul\u00e1\u0159<\/h4>\t\t\t\t\t\t\t\t<\/div>\n\t\t\t\t<\/div>\n\t\t\t\t<div class=\"elementor-element elementor-element-73e1158 elementor-widget elementor-widget-wp-widget-kamperen_core_contact_form_7\" data-id=\"73e1158\" data-element_type=\"widget\" data-e-type=\"widget\" data-widget_type=\"wp-widget-kamperen_core_contact_form_7.default\">\n\t\t\t\t<div class=\"elementor-widget-container\">\n\t\t\t\t\t\t\t\t<div class=\"qodef-contact-form-7\">\n\t\t\t\t\n<div class=\"wpcf7 no-js\" id=\"wpcf7-f5128-o1\" lang=\"en-US\" dir=\"ltr\" data-wpcf7-id=\"5128\">\n<div class=\"screen-reader-response\"><p role=\"status\" aria-live=\"polite\" aria-atomic=\"true\"><\/p> <ul><\/ul><\/div>\n<form action=\"\/en\/wp-json\/wp\/v2\/pages\/1302#wpcf7-f5128-o1\" method=\"post\" class=\"wpcf7-form init\" aria-label=\"Contact form\" novalidate=\"novalidate\" data-status=\"init\" data-trp-original-action=\"\/en\/wp-json\/wp\/v2\/pages\/1302#wpcf7-f5128-o1\">\n<fieldset class=\"hidden-fields-container\"><input type=\"hidden\" name=\"_wpcf7\" value=\"5128\" \/><input type=\"hidden\" name=\"_wpcf7_version\" value=\"6.1\" \/><input type=\"hidden\" name=\"_wpcf7_locale\" value=\"en_US\" \/><input type=\"hidden\" name=\"_wpcf7_unit_tag\" value=\"wpcf7-f5128-o1\" \/><input type=\"hidden\" name=\"_wpcf7_container_post\" value=\"0\" \/><input type=\"hidden\" name=\"_wpcf7_posted_data_hash\" value=\"\" \/><input type=\"hidden\" name=\"_wpcf7_recaptcha_response\" value=\"\" \/>\n<\/fieldset>\n<div class=\"qodef-contact-form-style qodef-contact-form-style-2\">\n    <span class=\"wpcf7-form-control-wrap\" data-name=\"your-name\"><input size=\"40\" maxlength=\"400\" class=\"wpcf7-form-control wpcf7-text wpcf7-validates-as-required\" aria-required=\"true\" aria-invalid=\"false\" placeholder=\"Jm\u00e9no *\" value=\"\" type=\"text\" name=\"your-name\" \/><\/span>\n    <span class=\"wpcf7-form-control-wrap\" data-name=\"message\"><textarea cols=\"10\" rows=\"6\" maxlength=\"2000\" class=\"wpcf7-form-control wpcf7-textarea wpcf7-validates-as-required\" aria-required=\"true\" aria-invalid=\"false\" placeholder=\"Zpr\u00e1va *\" name=\"message\"><\/textarea><\/span>\n    <div class=\"qodef-contact-form-grid-style\">\n    <span class=\"wpcf7-form-control-wrap\" data-name=\"email-672\"><input size=\"40\" maxlength=\"400\" class=\"wpcf7-form-control wpcf7-email wpcf7-text wpcf7-validates-as-email\" aria-invalid=\"false\" placeholder=\"Email *\" value=\"\" type=\"email\" name=\"email-672\" \/><\/span> \n    <span class=\"wpcf7-form-control-wrap\" data-name=\"tel-579\"><input size=\"40\" maxlength=\"400\" class=\"wpcf7-form-control wpcf7-tel wpcf7-validates-as-required wpcf7-text wpcf7-validates-as-tel\" aria-required=\"true\" aria-invalid=\"false\" placeholder=\"Telefon *\" value=\"\" type=\"tel\" name=\"tel-579\" \/><\/span>\n    <\/div>\n    <button class=\"wpcf7-form-control wpcf7-submit qodef-shortcode qodef-m  qodef-button qodef-layout--textual  qodef-html--link\" type=\"submit\"><span class=\"qodef-m-text\">ODESLAT<\/span><span class=\"qodef-m-icon\"><svg xmlns=\"http:\/\/www.w3.org\/2000\/svg\" width=\"20.053\" height=\"10.039\" viewbox=\"0 0 20.053 10.039\"><path d=\"M17.474,11.444a.683.683,0,0,0-.005.962l3.179,3.184H3.549a.68.68,0,0,0,0,1.359H20.643l-3.179,3.184a.688.688,0,0,0,.005.962.677.677,0,0,0,.957-.005l4.308-4.34h0a.763.763,0,0,0,.141-.214.649.649,0,0,0,.052-.261.681.681,0,0,0-.193-.476l-4.308-4.34A.666.666,0,0,0,17.474,11.444Z\" transform=\"translate(-2.875 -11.252)\"><\/path><\/svg><\/span><\/button>\n<\/div><p style=\"display: none !important;\"><label>&#916;<textarea name=\"_wpcf7_ak_hp_textarea\" cols=\"45\" rows=\"8\" maxlength=\"100\"><\/textarea><\/label><input type=\"hidden\" id=\"ak_js_1\" name=\"_wpcf7_ak_js\" value=\"217\"\/><script>document.getElementById( \"ak_js_1\" ).setAttribute( \"value\", ( new Date() ).getTime() );<\/script><\/p><div class=\"wpcf7-response-output\" aria-hidden=\"true\"><\/div>\n<input type=\"hidden\" name=\"trp-form-language\" value=\"en\"\/><\/form>\n<\/div>\n\t\t\t<\/div>\n\t\t\t\t\t\t\t<\/div>\n\t\t\t\t<\/div>\n\t\t\t\t\t<\/div>\n\t\t<\/div>\n\t\t\t\t\t<\/div>\n\t\t<\/section>\n\t\t\t\t<section class=\"elementor-section elementor-top-section elementor-element elementor-element-29779f6 elementor-section-full_width qodef-elementor-content-grid elementor-section-height-default elementor-section-height-default\" data-id=\"29779f6\" data-element_type=\"section\" data-e-type=\"section\">\n\t\t\t\t\t\t<div class=\"elementor-container elementor-column-gap-default\">\n\t\t\t\t\t<div class=\"elementor-column elementor-col-100 elementor-top-column elementor-element elementor-element-104da44\" data-id=\"104da44\" data-element_type=\"column\" data-e-type=\"column\">\n\t\t\t<div class=\"elementor-widget-wrap elementor-element-populated\">\n\t\t\t\t\t\t<div class=\"elementor-element elementor-element-05bed80 elementor-widget elementor-widget-text-editor\" data-id=\"05bed80\" data-element_type=\"widget\" data-e-type=\"widget\" data-widget_type=\"text-editor.default\">\n\t\t\t\t<div class=\"elementor-widget-container\">\n\t\t\t\t\t\t\t\t\t<h4>Kde n\u00e1s najdete<br \/><a style=\"background-color: #ffffff; font-family: Roboto, sans-serif; font-size: 15px; font-style: normal; letter-spacing: normal; text-transform: none;\" href=\"https:\/\/maps.app.goo.gl\/JYLtW1ztBFk8piwE8\" target=\"_blank\" rel=\"noopener\"><b>GPS: 49\u00b015&#8217;13.710&#8243;N, 17\u00b029&#8217;53.688&#8243;E<\/b><\/a><\/h4>\t\t\t\t\t\t\t\t<\/div>\n\t\t\t\t<\/div>\n\t\t\t\t<div class=\"elementor-element elementor-element-c66c481 elementor-widget elementor-widget-html\" data-id=\"c66c481\" data-element_type=\"widget\" data-e-type=\"widget\" data-widget_type=\"html.default\">\n\t\t\t\t<div class=\"elementor-widget-container\">\n\t\t\t\t\t<iframe src=\"https:\/\/www.google.com\/maps\/embed?pb=!1m14!1m8!1m3!1d166708.9678452087!2d17.3880807!3d49.2417573!3m2!1i1024!2i768!4f13.1!3m3!1m2!1s0x47130f6b0cf14e4d%3A0x40debb2b0bbb0e58!2sTrip%20ahead!5e0!3m2!1scs!2scz!4v1771843123902!5m2!1scs!2scz\" width=\"600\" height=\"450\" style=\"border:0;\" allowfullscreen=\"\" loading=\"lazy\" referrerpolicy=\"no-referrer-when-downgrade\"><\/iframe>\t\t\t\t<\/div>\n\t\t\t\t<\/div>\n\t\t\t\t\t<\/div>\n\t\t<\/div>\n\t\t\t\t\t<\/div>\n\t\t<\/section>\n\t\t\t\t<section class=\"elementor-section elementor-top-section elementor-element elementor-element-a3fd453 elementor-section-boxed elementor-section-height-default elementor-section-height-default qodef-elementor-content-no\" data-id=\"a3fd453\" data-element_type=\"section\" data-e-type=\"section\">\n\t\t\t\t\t\t<div class=\"elementor-container elementor-column-gap-default\">\n\t\t\t\t\t<div class=\"elementor-column elementor-col-100 elementor-top-column elementor-element elementor-element-f0e90d0\" data-id=\"f0e90d0\" data-element_type=\"column\" data-e-type=\"column\">\n\t\t\t<div class=\"elementor-widget-wrap elementor-element-populated\">\n\t\t\t\t\t\t<div class=\"elementor-element elementor-element-dc8615e elementor-widget elementor-widget-spacer\" data-id=\"dc8615e\" data-element_type=\"widget\" data-e-type=\"widget\" data-widget_type=\"spacer.default\">\n\t\t\t\t<div class=\"elementor-widget-container\">\n\t\t\t\t\t\t\t<div class=\"elementor-spacer\">\n\t\t\t<div class=\"elementor-spacer-inner\"><\/div>\n\t\t<\/div>\n\t\t\t\t\t\t<\/div>\n\t\t\t\t<\/div>\n\t\t\t\t\t<\/div>\n\t\t<\/div>\n\t\t\t\t\t<\/div>\n\t\t<\/section>\n\t\t\t\t<\/div>","protected":false},"excerpt":{"rendered":"<p>Telefon: +420 731 927 900Email: info@tripahead.czFacebook: Trip ahead\u00a0 Provozovna ul. N\u00e1dra\u017en\u00ed \u010d. p. 944 , 763 62 Tluma\u010dov (okr. Zl\u00edn) GPS: 49\u00b015&#8217;13.710&#8243;N, 17\u00b029&#8217;53.688&#8243;E\u00a0(proklikem zobraz\u00edte polohu na map\u011b) v provozovn\u011b nejsme p\u0159\u00edtomni cel\u00fd den, Va\u0161i n\u00e1v\u0161t\u011bvu s n\u00e1mi pros\u00edm dohodn\u011bte p\u0159edem S\u00eddlo spole\u010dnosti JS economy solution, s.r.o. 763 62 Tluma\u010dov (okr. Zl\u00edn) I\u010c \/ DI\u010c: 030 [&hellip;]<\/p>","protected":false},"author":1,"featured_media":0,"parent":0,"menu_order":0,"comment_status":"closed","ping_status":"closed","template":"page-full-width.php","meta":{"footnotes":"","_links_to":"","_links_to_target":""},"class_list":["post-1302","page","type-page","status-publish","hentry"],"yoast_head":"<!-- This site is optimized with the Yoast SEO plugin v27.4 - https:\/\/yoast.com\/product\/yoast-seo-wordpress\/ -->\n<title>Kontakt - Trip ahead<\/title>\n<meta name=\"description\" content=\"Zm\u011b\u0148te zp\u016fsob cestov\u00e1n\u00ed, bu\u010fte bl\u00ed\u017ee p\u0159\u00edrod\u011b. Jsme standartn\u00ed p\u016fj\u010dovna s vlastn\u00edmi obytn\u00fdmi vozy a karavany v Tluma\u010dov\u011b.\" \/>\n<meta name=\"robots\" content=\"index, follow, max-snippet:-1, max-image-preview:large, max-video-preview:-1\" \/>\n<link rel=\"canonical\" href=\"https:\/\/tripahead.cz\/en\/kontakt\/\" \/>\n<meta property=\"og:locale\" content=\"en_GB\" \/>\n<meta property=\"og:type\" content=\"article\" \/>\n<meta property=\"og:title\" content=\"Trip ahead p\u016fj\u010dovna obytn\u00fdch voz\u016f a karavan\u016f Tluma\u010dov\" \/>\n<meta property=\"og:description\" content=\"Zm\u011b\u0148te zp\u016fsob cestov\u00e1n\u00ed, bu\u010fte bl\u00ed\u017ee p\u0159\u00edrod\u011b. Jsme standartn\u00ed p\u016fj\u010dovna s vlastn\u00edmi obytn\u00fdmi vozy a karavany v Tluma\u010dov\u011b.\" \/>\n<meta property=\"og:url\" content=\"https:\/\/tripahead.cz\/en\/kontakt\/\" \/>\n<meta property=\"og:site_name\" content=\"Trip ahead\" \/>\n<meta property=\"article:publisher\" content=\"https:\/\/www.facebook.com\/Trip-ahead-pjovna-obytnch-aut-a-karavan-107844905267504\" \/>\n<meta property=\"article:modified_time\" content=\"2026-02-23T10:39:06+00:00\" \/>\n<meta property=\"og:image\" content=\"https:\/\/tripahead.cz\/wp-content\/uploads\/2022\/06\/IMG_9447-1-scaled.jpg\" \/>\n\t<meta property=\"og:image:width\" content=\"2560\" \/>\n\t<meta property=\"og:image:height\" content=\"1920\" \/>\n\t<meta property=\"og:image:type\" content=\"image\/jpeg\" \/>\n<meta name=\"twitter:card\" content=\"summary_large_image\" \/>\n<script type=\"application\/ld+json\" class=\"yoast-schema-graph\">{\"@context\":\"https:\\\/\\\/schema.org\",\"@graph\":[{\"@type\":\"WebPage\",\"@id\":\"https:\\\/\\\/tripahead.cz\\\/kontakt\\\/\",\"url\":\"https:\\\/\\\/tripahead.cz\\\/kontakt\\\/\",\"name\":\"Kontakt - Trip ahead\",\"isPartOf\":{\"@id\":\"https:\\\/\\\/tripahead.cz\\\/#website\"},\"datePublished\":\"2021-06-09T11:16:48+00:00\",\"dateModified\":\"2026-02-23T10:39:06+00:00\",\"description\":\"Zm\u011b\u0148te zp\u016fsob cestov\u00e1n\u00ed, bu\u010fte bl\u00ed\u017ee p\u0159\u00edrod\u011b. Jsme standartn\u00ed p\u016fj\u010dovna s vlastn\u00edmi obytn\u00fdmi vozy a karavany v Tluma\u010dov\u011b.\",\"breadcrumb\":{\"@id\":\"https:\\\/\\\/tripahead.cz\\\/kontakt\\\/#breadcrumb\"},\"inLanguage\":\"en-GB\",\"potentialAction\":[{\"@type\":\"ReadAction\",\"target\":[\"https:\\\/\\\/tripahead.cz\\\/kontakt\\\/\"]}]},{\"@type\":\"BreadcrumbList\",\"@id\":\"https:\\\/\\\/tripahead.cz\\\/kontakt\\\/#breadcrumb\",\"itemListElement\":[{\"@type\":\"ListItem\",\"position\":1,\"name\":\"Dom\u016f\",\"item\":\"https:\\\/\\\/tripahead.cz\\\/\"},{\"@type\":\"ListItem\",\"position\":2,\"name\":\"Kontakt\"}]},{\"@type\":\"WebSite\",\"@id\":\"https:\\\/\\\/tripahead.cz\\\/#website\",\"url\":\"https:\\\/\\\/tripahead.cz\\\/\",\"name\":\"Trip ahead\",\"description\":\"P\u016fj\u010dovna obytn\u00fdch aut a karavan\u016f\",\"publisher\":{\"@id\":\"https:\\\/\\\/tripahead.cz\\\/#organization\"},\"potentialAction\":[{\"@type\":\"SearchAction\",\"target\":{\"@type\":\"EntryPoint\",\"urlTemplate\":\"https:\\\/\\\/tripahead.cz\\\/?s={search_term_string}\"},\"query-input\":{\"@type\":\"PropertyValueSpecification\",\"valueRequired\":true,\"valueName\":\"search_term_string\"}}],\"inLanguage\":\"en-GB\"},{\"@type\":\"Organization\",\"@id\":\"https:\\\/\\\/tripahead.cz\\\/#organization\",\"name\":\"JS economy solution, s.r.o.\",\"url\":\"https:\\\/\\\/tripahead.cz\\\/\",\"logo\":{\"@type\":\"ImageObject\",\"inLanguage\":\"en-GB\",\"@id\":\"https:\\\/\\\/tripahead.cz\\\/#\\\/schema\\\/logo\\\/image\\\/\",\"url\":\"https:\\\/\\\/tripahead.cz\\\/wp-content\\\/uploads\\\/2022\\\/06\\\/logo.png\",\"contentUrl\":\"https:\\\/\\\/tripahead.cz\\\/wp-content\\\/uploads\\\/2022\\\/06\\\/logo.png\",\"width\":1280,\"height\":1280,\"caption\":\"JS economy solution, s.r.o.\"},\"image\":{\"@id\":\"https:\\\/\\\/tripahead.cz\\\/#\\\/schema\\\/logo\\\/image\\\/\"},\"sameAs\":[\"https:\\\/\\\/www.facebook.com\\\/Trip-ahead-pjovna-obytnch-aut-a-karavan-107844905267504\"]}]}<\/script>\n<!-- \/ Yoast SEO plugin. -->","yoast_head_json":{"title":"Kontakt - Trip ahead","description":"Zm\u011b\u0148te zp\u016fsob cestov\u00e1n\u00ed, bu\u010fte bl\u00ed\u017ee p\u0159\u00edrod\u011b. Jsme standartn\u00ed p\u016fj\u010dovna s vlastn\u00edmi obytn\u00fdmi vozy a karavany v Tluma\u010dov\u011b.","robots":{"index":"index","follow":"follow","max-snippet":"max-snippet:-1","max-image-preview":"max-image-preview:large","max-video-preview":"max-video-preview:-1"},"canonical":"https:\/\/tripahead.cz\/en\/kontakt\/","og_locale":"en_GB","og_type":"article","og_title":"Trip ahead p\u016fj\u010dovna obytn\u00fdch voz\u016f a karavan\u016f Tluma\u010dov","og_description":"Zm\u011b\u0148te zp\u016fsob cestov\u00e1n\u00ed, bu\u010fte bl\u00ed\u017ee p\u0159\u00edrod\u011b. Jsme standartn\u00ed p\u016fj\u010dovna s vlastn\u00edmi obytn\u00fdmi vozy a karavany v Tluma\u010dov\u011b.","og_url":"https:\/\/tripahead.cz\/en\/kontakt\/","og_site_name":"Trip ahead","article_publisher":"https:\/\/www.facebook.com\/Trip-ahead-pjovna-obytnch-aut-a-karavan-107844905267504","article_modified_time":"2026-02-23T10:39:06+00:00","og_image":[{"width":2560,"height":1920,"url":"https:\/\/tripahead.cz\/wp-content\/uploads\/2022\/06\/IMG_9447-1-scaled.jpg","type":"image\/jpeg"}],"twitter_card":"summary_large_image","schema":{"@context":"https:\/\/schema.org","@graph":[{"@type":"WebPage","@id":"https:\/\/tripahead.cz\/kontakt\/","url":"https:\/\/tripahead.cz\/kontakt\/","name":"Kontakt - Trip ahead","isPartOf":{"@id":"https:\/\/tripahead.cz\/#website"},"datePublished":"2021-06-09T11:16:48+00:00","dateModified":"2026-02-23T10:39:06+00:00","description":"Zm\u011b\u0148te zp\u016fsob cestov\u00e1n\u00ed, bu\u010fte bl\u00ed\u017ee p\u0159\u00edrod\u011b. Jsme standartn\u00ed p\u016fj\u010dovna s vlastn\u00edmi obytn\u00fdmi vozy a karavany v Tluma\u010dov\u011b.","breadcrumb":{"@id":"https:\/\/tripahead.cz\/kontakt\/#breadcrumb"},"inLanguage":"en-GB","potentialAction":[{"@type":"ReadAction","target":["https:\/\/tripahead.cz\/kontakt\/"]}]},{"@type":"BreadcrumbList","@id":"https:\/\/tripahead.cz\/kontakt\/#breadcrumb","itemListElement":[{"@type":"ListItem","position":1,"name":"Dom\u016f","item":"https:\/\/tripahead.cz\/"},{"@type":"ListItem","position":2,"name":"Kontakt"}]},{"@type":"WebSite","@id":"https:\/\/tripahead.cz\/#website","url":"https:\/\/tripahead.cz\/","name":"Trip ahead","description":"P\u016fj\u010dovna obytn\u00fdch aut a karavan\u016f","publisher":{"@id":"https:\/\/tripahead.cz\/#organization"},"potentialAction":[{"@type":"SearchAction","target":{"@type":"EntryPoint","urlTemplate":"https:\/\/tripahead.cz\/?s={search_term_string}"},"query-input":{"@type":"PropertyValueSpecification","valueRequired":true,"valueName":"search_term_string"}}],"inLanguage":"en-GB"},{"@type":"Organization","@id":"https:\/\/tripahead.cz\/#organization","name":"JS economy solution, s.r.o.","url":"https:\/\/tripahead.cz\/","logo":{"@type":"ImageObject","inLanguage":"en-GB","@id":"https:\/\/tripahead.cz\/#\/schema\/logo\/image\/","url":"https:\/\/tripahead.cz\/wp-content\/uploads\/2022\/06\/logo.png","contentUrl":"https:\/\/tripahead.cz\/wp-content\/uploads\/2022\/06\/logo.png","width":1280,"height":1280,"caption":"JS economy solution, s.r.o."},"image":{"@id":"https:\/\/tripahead.cz\/#\/schema\/logo\/image\/"},"sameAs":["https:\/\/www.facebook.com\/Trip-ahead-pjovna-obytnch-aut-a-karavan-107844905267504"]}]}},"_links":{"self":[{"href":"https:\/\/tripahead.cz\/en\/wp-json\/wp\/v2\/pages\/1302","targetHints":{"allow":["GET"]}}],"collection":[{"href":"https:\/\/tripahead.cz\/en\/wp-json\/wp\/v2\/pages"}],"about":[{"href":"https:\/\/tripahead.cz\/en\/wp-json\/wp\/v2\/types\/page"}],"author":[{"embeddable":true,"href":"https:\/\/tripahead.cz\/en\/wp-json\/wp\/v2\/users\/1"}],"replies":[{"embeddable":true,"href":"https:\/\/tripahead.cz\/en\/wp-json\/wp\/v2\/comments?post=1302"}],"version-history":[{"count":159,"href":"https:\/\/tripahead.cz\/en\/wp-json\/wp\/v2\/pages\/1302\/revisions"}],"predecessor-version":[{"id":9542,"href":"https:\/\/tripahead.cz\/en\/wp-json\/wp\/v2\/pages\/1302\/revisions\/9542"}],"wp:attachment":[{"href":"https:\/\/tripahead.cz\/en\/wp-json\/wp\/v2\/media?parent=1302"}],"curies":[{"name":"wp","href":"https:\/\/api.w.org\/{rel}","templated":true}]}}